{"id":2,"date":"2016-08-16T22:20:08","date_gmt":"2016-08-16T22:20:08","guid":{"rendered":"http:\/\/fundacionmclaren.com\/fundacionmclaren\/?page_id=2"},"modified":"2016-10-05T15:28:14","modified_gmt":"2016-10-05T15:28:14","slug":"about","status":"publish","type":"page","link":"http:\/\/fundacionmclaren.com\/fundacionmclaren\/about\/","title":{"rendered":"INFORMACION NO ENCONTRADA"},"content":{"rendered":"<p>FUNDACI\u00d3N MCLAREN DE PEDAGOG\u00cdA CRITICA<\/p>\n<p>&nbsp;<\/p>\n<p>&nbsp;<\/p>\n<p>Disculpa la informaci\u00f3n que buscas no se encuentra disponible o fue trasladada a otra secci\u00f3n.<\/p>\n<p>Gracias por tu visita: www.fundacionmclaren.com<\/p>\n","protected":false},"excerpt":{"rendered":"<p>FUNDACI\u00d3N MCLAREN DE PEDAGOG\u00cdA CRITICA &nbsp; &nbsp; Disculpa la informaci\u00f3n que buscas no se encuentra disponible o fue trasladada a otra secci\u00f3n. Gracias por tu visita: www.fundacionmclaren.com<\/p>\n","protected":false},"author":1,"featured_media":0,"parent":0,"menu_order":0,"comment_status":"open","ping_status":"closed","template":"","meta":{"footnotes":""},"jetpack_sharing_enabled":true,"_links":{"self":[{"href":"http:\/\/fundacionmclaren.com\/fundacionmclaren\/wp-json\/wp\/v2\/pages\/2"}],"collection":[{"href":"http:\/\/fundacionmclaren.com\/fundacionmclaren\/wp-json\/wp\/v2\/pages"}],"about":[{"href":"http:\/\/fundacionmclaren.com\/fundacionmclaren\/wp-json\/wp\/v2\/types\/page"}],"author":[{"embeddable":true,"href":"http:\/\/fundacionmclaren.com\/fundacionmclaren\/wp-json\/wp\/v2\/users\/1"}],"replies":[{"embeddable":true,"href":"http:\/\/fundacionmclaren.com\/fundacionmclaren\/wp-json\/wp\/v2\/comments?post=2"}],"version-history":[{"count":4,"href":"http:\/\/fundacionmclaren.com\/fundacionmclaren\/wp-json\/wp\/v2\/pages\/2\/revisions"}],"predecessor-version":[{"id":289,"href":"http:\/\/fundacionmclaren.com\/fundacionmclaren\/wp-json\/wp\/v2\/pages\/2\/revisions\/289"}],"wp:attachment":[{"href":"http:\/\/fundacionmclaren.com\/fundacionmclaren\/wp-json\/wp\/v2\/media?parent=2"}],"curies":[{"name":"wp","href":"https:\/\/api.w.org\/{rel}","templated":true}]}}